{"id":496,"date":"2016-03-20T16:37:15","date_gmt":"2016-03-20T19:37:15","guid":{"rendered":"http:\/\/www.formularium.com.br\/inform\/membership-join\/membership-registration\/"},"modified":"2020-08-27T20:45:19","modified_gmt":"2020-08-27T23:45:19","slug":"membership-registration","status":"publish","type":"page","link":"https:\/\/www.formularium.com.br\/inform\/membership-join\/membership-registration\/","title":{"rendered":"Cadastro SEDAP &#8211; Servi\u00e7o de Assessoria a Profissionais"},"content":{"rendered":"<div class=\"fusion-fullwidth fullwidth-box fusion-builder-row-1 nonhundred-percent-fullwidth non-hundred-percent-height-scrolling\" style=\"--awb-border-radius-top-left:0px;--awb-border-radius-top-right:0px;--awb-border-radius-bottom-right:0px;--awb-border-radius-bottom-left:0px;--awb-flex-wrap:wrap;\" ><div class=\"fusion-builder-row fusion-row\"><div class=\"fusion-layout-column fusion_builder_column fusion-builder-column-0 fusion_builder_column_1_1 1_1 fusion-one-full fusion-column-first fusion-column-last\" style=\"--awb-bg-size:cover;--awb-margin-bottom:0px;\"><div class=\"fusion-column-wrapper fusion-flex-column-wrapper-legacy\"><div class=\"fusion-text fusion-text-1\"><h3 class=\"fusion-responsive-typography-calculated\" style=\"--fontsize: 17; line-height: 1.41; --minfontsize: 17;\" data-fontsize=\"17\" data-lineheight=\"23.97px\">SEDAP &#8211; Servi\u00e7o de Assessoria a Profissionais<\/h3>\n<p>Informa\u00e7\u00e3o cient\u00edfica de qualidade para profissionais de sa\u00fade com conte\u00fado exclusivo, sugest\u00f5es de f\u00f3rmulas, tratamentos, novos ativos e muito mais.<\/p>\n<\/div><div class=\"fusion-text fusion-text-2\"><h5><em><strong>\u00c1rea restrita SEDAP.<\/strong> <strong>Aten\u00e7\u00e3o<\/strong>, o acesso a essa \u00e1rea \u00e9 exclusivo a m\u00e9dicos, nutricionistas e profissionais de sa\u00fade prescritores. Cadastros realizados por outras categorias ser\u00e3o avaliados e poder\u00e3o ser bloqueados.<\/em><\/h5>\n<\/div><div class=\"fusion-text fusion-text-3\"><div id=\"swpm-form-3\" class=\"swpm-form-builder-container\"><form id=\"sedap-3\" class=\"swpm-form-builder swpm-form-3 left\" method=\"post\" enctype=\"multipart\/form-data\">\n\t<input type=\"hidden\" name=\"form_id\" value=\"3\" \/><input type =\"hidden\" name=\"level_identifier\" value=\"c81e728d9d4c2f636f067f89cc14862c\" \/><input type =\"hidden\" name=\"swpm_level_hash\" value=\"6929bfdd059995c8ddbbf8a3e704113d\" \/><input type =\"hidden\" name=\"membership_level\" value=\"2\" \/><fieldset class=\"swpm-fieldset swpm-fieldset-1 fieldset \" id=\"item-swpm-23\"><div class=\"swpm-legend\"><h3>Cadastro de Usu\u00e1rio SEDAP<\/h3><\/div><ul class=\"swpm-section swpm-section-1\"><li class=\"swpm-item swpm-item-text  \" id=\"item-swpm-26\"><label for=\"swpm-26\" class=\"swpm-desc\">N\u00edvel de Usu\u00e1rio  <span class=\"swpm-required-asterisk\">*<\/span><\/label><input type=\"hidden\"  name=\"swpm-26\" id=\"swpm-26\" value=\"2\" class=\"swpm-text  swpm-medium  required  \"  \/><div> SEDAP<\/div><\/li><li class=\"swpm-item swpm-item-text  \" id=\"item-swpm-24\"><label for=\"swpm-24\" class=\"swpm-desc\">Nome de Usu\u00e1rio  <span class=\"swpm-required-asterisk\">*<\/span><\/label><span class=\"swpm-span\"><input type=\"text\"  name=\"swpm-24\" id=\"swpm-24\" value=\"\" class=\"swpm-text  swpm-medium  required   nowhitespace \"  \/><p>Nome de Usu\u00e1rio<\/p><\/span><\/li><li class=\"swpm-item swpm-item-text  \" id=\"item-swpm-39\"><label for=\"swpm-39\" class=\"swpm-desc\">Nome  <span class=\"swpm-required-asterisk\">*<\/span><\/label><span class=\"swpm-span\"><input type=\"text\"  name=\"swpm-39\" id=\"swpm-39\" value=\"\" class=\"swpm-text  swpm-medium  required  \"  \/><p>Primeiro Nome<\/p><\/span><\/li><li class=\"swpm-item swpm-item-text  \" id=\"item-swpm-37\"><label for=\"swpm-37\" class=\"swpm-desc\">Sobrenome  <span class=\"swpm-required-asterisk\">*<\/span><\/label><input type=\"text\"  name=\"swpm-37\" id=\"swpm-37\" value=\"\" class=\"swpm-text  swpm-medium  required  \"  \/><\/li><li class=\"swpm-item swpm-item-password  \" id=\"item-swpm-25\"><label for=\"swpm-25\" class=\"swpm-desc\">Senha  <span class=\"swpm-required-asterisk\">*<\/span><\/label><div class=\"swpm-span\"><div><input type=\"password\" placeholder=\"Type password here\" name=\"swpm-25\" id=\"swpm-25\" value=\"\" class=\"swpm-text  swpm-medium  required  \" \/><\/div><div><input type=\"password\" placeholder=\"Retype password here\" name=\"swpm-25_re\" id=\"swpm-25_re\" value=\"\" class=\"swpm-text  swpm-medium  required  \" \/><\/div><p>Senha<\/p><\/div><\/li><li class=\"swpm-item swpm-item-email  \" id=\"item-swpm-27\"><label for=\"swpm-27\" class=\"swpm-desc\">E-mail  <span class=\"swpm-required-asterisk\">*<\/span><\/label><span class=\"swpm-span\"><input type=\"email\"  name=\"swpm-27\" id=\"swpm-27\" value=\"\" class=\"swpm-text  swpm-medium  required  email \"  \/><p>E-mail<\/p><\/span><\/li><li class=\"swpm-item swpm-item-phone  \" id=\"item-swpm-41\"><label for=\"swpm-41\" class=\"swpm-desc\">Celular  <span class=\"swpm-required-asterisk\">*<\/span><\/label><input type=\"tel\"  name=\"swpm-41\" id=\"swpm-41\" value=\"\" class=\"swpm-text  swpm-medium  required  phone \"  \/><\/li><li class=\"swpm-item swpm-item-text  \" id=\"item-swpm-53\"><label for=\"swpm-53\" class=\"swpm-desc\">Cidade  <span class=\"swpm-required-asterisk\">*<\/span><\/label><input type=\"text\"  name=\"swpm-53\" id=\"swpm-53\" value=\"\" class=\"swpm-text  swpm-medium  required  \"  \/><\/li><li class=\"swpm-item swpm-item-text  \" id=\"item-swpm-55\"><label for=\"swpm-55\" class=\"swpm-desc\">Profiss\u00e3o  <span class=\"swpm-required-asterisk\">*<\/span><\/label><input type=\"text\"  name=\"swpm-55\" id=\"swpm-55\" value=\"\" class=\"swpm-text  swpm-medium  required  \"  \/><\/li><li class=\"swpm-item swpm-item-text  \" id=\"item-swpm-47\"><label for=\"swpm-47\" class=\"swpm-desc\">N\u00famero do Conselho Regional  <span class=\"swpm-required-asterisk\">*<\/span><\/label><span class=\"swpm-span\"><input type=\"text\"  name=\"swpm-47\" id=\"swpm-47\" value=\"\" class=\"swpm-text  swpm-medium  required  \"  \/><p>N\u00famero do Conselho Regional<\/p><\/span><\/li><\/ul>&nbsp;<\/fieldset><li style=\"display:none;\"><label>This box is for spam protection - <strong>please leave it blank<\/strong>:<\/label><div><input name=\"swpm-spam\" \/><\/div><\/li>\n    <p class=\"swpm-item swpm-item-submit swpm-edit-profile-submit-section\" id=\"item-swpm-30\">\n                <input type=\"submit\" name=\"swpm-fb-submit\" id=\"swpm-30\" value=\"Cadastrar\" class=\"swpm-submit \" \/>\n                <\/p><\/ul>\n    <\/fieldset><input type=\"hidden\" name=\"_wp_http_referer\" value=\"\/inform\/wp-json\/wp\/v2\/pages\/496\" \/><\/form><\/div> <!-- .swpm-form-builder-container -->\n<\/div><div class=\"fusion-clearfix\"><\/div><\/div><\/div><\/div><\/div>\n","protected":false},"excerpt":{"rendered":"","protected":false},"author":1,"featured_media":0,"parent":495,"menu_order":0,"comment_status":"closed","ping_status":"closed","template":"","meta":{"inline_featured_image":false,"_joinchat":[],"footnotes":""},"class_list":["post-496","page","type-page","status-publish","hentry"],"aioseo_notices":[],"_links":{"self":[{"href":"https:\/\/www.formularium.com.br\/inform\/wp-json\/wp\/v2\/pages\/496","targetHints":{"allow":["GET"]}}],"collection":[{"href":"https:\/\/www.formularium.com.br\/inform\/wp-json\/wp\/v2\/pages"}],"about":[{"href":"https:\/\/www.formularium.com.br\/inform\/wp-json\/wp\/v2\/types\/page"}],"author":[{"embeddable":true,"href":"https:\/\/www.formularium.com.br\/inform\/wp-json\/wp\/v2\/users\/1"}],"replies":[{"embeddable":true,"href":"https:\/\/www.formularium.com.br\/inform\/wp-json\/wp\/v2\/comments?post=496"}],"version-history":[{"count":0,"href":"https:\/\/www.formularium.com.br\/inform\/wp-json\/wp\/v2\/pages\/496\/revisions"}],"up":[{"embeddable":true,"href":"https:\/\/www.formularium.com.br\/inform\/wp-json\/wp\/v2\/pages\/495"}],"wp:attachment":[{"href":"https:\/\/www.formularium.com.br\/inform\/wp-json\/wp\/v2\/media?parent=496"}],"curies":[{"name":"wp","href":"https:\/\/api.w.org\/{rel}","templated":true}]}}