{"id":19136,"date":"2022-09-16T17:36:44","date_gmt":"2022-09-16T20:36:44","guid":{"rendered":"https:\/\/www.formularium.com.br\/inform\/?page_id=19136"},"modified":"2022-09-19T19:33:40","modified_gmt":"2022-09-19T22:33:40","slug":"reducao-de-danos-nas-terapias-hormonais","status":"publish","type":"page","link":"https:\/\/www.formularium.com.br\/inform\/reducao-de-danos-nas-terapias-hormonais\/","title":{"rendered":"Redu\u00e7\u00e3o de Danos nas terapias hormonais"},"content":{"rendered":"<div class=\"fusion-fullwidth fullwidth-box fusion-builder-row-1 fusion-flex-container nonhundred-percent-fullwidth non-hundred-percent-height-scrolling\" style=\"--awb-border-radius-top-left:0px;--awb-border-radius-top-right:0px;--awb-border-radius-bottom-right:0px;--awb-border-radius-bottom-left:0px;--awb-flex-wrap:wrap;\" ><div class=\"fusion-builder-row fusion-row fusion-flex-align-items-flex-start fusion-flex-content-wrap\" style=\"max-width:1144px;margin-left: calc(-4% \/ 2 );margin-right: calc(-4% \/ 2 );\"><div class=\"fusion-layout-column fusion_builder_column fusion-builder-column-0 fusion_builder_column_1_1 1_1 fusion-flex-column\" style=\"--awb-bg-size:cover;--awb-width-large:100%;--awb-margin-top-large:0px;--awb-spacing-right-large:1.92%;--awb-margin-bottom-large:20px;--awb-spacing-left-large:1.92%;--awb-width-medium:100%;--awb-order-medium:0;--awb-spacing-right-medium:1.92%;--awb-spacing-left-medium:1.92%;--awb-width-small:100%;--awb-order-small:0;--awb-spacing-right-small:1.92%;--awb-spacing-left-small:1.92%;\"><div class=\"fusion-column-wrapper fusion-column-has-shadow fusion-flex-justify-content-flex-start fusion-content-layout-column\"><div class=\"fusion-text fusion-text-1 fusion-text-no-margin\" style=\"--awb-margin-bottom:0px;\"><p><a href=\"https:\/\/www.formularium.com.br\/inform\/wp-content\/uploads\/2022\/09\/reducao-de-dados-nas-terapias-hormonais.jpg\"><img decoding=\"async\" class=\"lazyload alignnone size-full wp-image-19153\" src=\"https:\/\/www.formularium.com.br\/inform\/wp-content\/uploads\/2022\/09\/reducao-de-dados-nas-terapias-hormonais.jpg\" data-orig-src=\"https:\/\/www.formularium.com.br\/inform\/wp-content\/uploads\/2022\/09\/reducao-de-dados-nas-terapias-hormonais.jpg\" alt=\"\" width=\"1000\" height=\"667\" srcset=\"data:image\/svg+xml,%3Csvg%20xmlns%3D%27http%3A%2F%2Fwww.w3.org%2F2000%2Fsvg%27%20width%3D%271000%27%20height%3D%27667%27%20viewBox%3D%270%200%201000%20667%27%3E%3Crect%20width%3D%271000%27%20height%3D%27667%27%20fill-opacity%3D%220%22%2F%3E%3C%2Fsvg%3E\" data-srcset=\"https:\/\/www.formularium.com.br\/inform\/wp-content\/uploads\/2022\/09\/reducao-de-dados-nas-terapias-hormonais-200x133.jpg 200w, https:\/\/www.formularium.com.br\/inform\/wp-content\/uploads\/2022\/09\/reducao-de-dados-nas-terapias-hormonais-300x200.jpg 300w, https:\/\/www.formularium.com.br\/inform\/wp-content\/uploads\/2022\/09\/reducao-de-dados-nas-terapias-hormonais-400x267.jpg 400w, https:\/\/www.formularium.com.br\/inform\/wp-content\/uploads\/2022\/09\/reducao-de-dados-nas-terapias-hormonais-600x400.jpg 600w, https:\/\/www.formularium.com.br\/inform\/wp-content\/uploads\/2022\/09\/reducao-de-dados-nas-terapias-hormonais-768x512.jpg 768w, https:\/\/www.formularium.com.br\/inform\/wp-content\/uploads\/2022\/09\/reducao-de-dados-nas-terapias-hormonais-800x534.jpg 800w, https:\/\/www.formularium.com.br\/inform\/wp-content\/uploads\/2022\/09\/reducao-de-dados-nas-terapias-hormonais.jpg 1000w\" data-sizes=\"auto\" data-orig-sizes=\"(max-width: 1000px) 100vw, 1000px\" \/><\/a><\/p>\n<\/div><div class=\"fusion-text fusion-text-2\" style=\"--awb-text-transform:none;--awb-text-font-family:&quot;Source Sans Pro&quot;;--awb-text-font-style:normal;--awb-text-font-weight:300;\"><h1 style=\"color: #789155; font-size: 30px; font-weight: 300;\">Redu\u00e7\u00e3o de Danos nas terapias hormonais<\/h1>\n<\/div><div class=\"fusion-text fusion-text-3\"><p>Sabe-se hoje da import\u00e2ncia da testosterona no tratamento da obesidade, sarcopenia e outras condi\u00e7\u00f5es. No entanto, muitas vezes \u00e9 necess\u00e1rio o uso de um subst\u00e2ncias para minimizar os efeitos colaterais.\u00a0<\/p>\n<p><strong>Androtase&#x2122; (\u03b2-Sitosterol &gt; 50%)<\/strong> Melhora dos Sinais e Sintomas Causados pelo Hiperandrogenismo. A\u00e7\u00e3o finasterida-like reduz os n\u00edveis de DHT a partir de 30 dias de tratamento e resultados demonstram &gt; 90% de melhora na queda de cabelo e oleosidade da pele dos pacientes com hiperandrogenismo de ambos os sexos.\u00a0<\/p>\n<\/div><div ><a class=\"fusion-button button-flat fusion-button-default-size button-default fusion-button-default button-1 fusion-button-default-span fusion-button-default-type\" style=\"--awb-margin-bottom:20px;\" target=\"_blank\" rel=\"noopener noreferrer\" href=\"https:\/\/www.formularium.com.br\/inform\/wp-content\/uploads\/2022\/09\/androtase.pdf\"><i class=\"fa-file-pdf fas awb-button__icon awb-button__icon--default button-icon-left\" aria-hidden=\"true\"><\/i><span class=\"fusion-button-text awb-button__text awb-button__text--default\">Androtase<\/span><\/a><\/div><div class=\"fusion-separator fusion-full-width-sep\" style=\"align-self: center;margin-left: auto;margin-right: auto;width:100%;\"><div class=\"fusion-separator-border sep-single sep-solid\" style=\"--awb-height:20px;--awb-amount:20px;border-color:#e0dede;border-top-width:1px;\"><\/div><\/div><\/div><\/div><div class=\"fusion-layout-column fusion_builder_column fusion-builder-column-1 fusion_builder_column_1_1 1_1 fusion-flex-column\" style=\"--awb-bg-size:cover;--awb-width-large:100%;--awb-margin-top-large:30px;--awb-spacing-right-large:1.92%;--awb-margin-bottom-large:20px;--awb-spacing-left-large:1.92%;--awb-width-medium:100%;--awb-order-medium:0;--awb-spacing-right-medium:1.92%;--awb-spacing-left-medium:1.92%;--awb-width-small:100%;--awb-order-small:0;--awb-spacing-right-small:1.92%;--awb-spacing-left-small:1.92%;\"><div class=\"fusion-column-wrapper fusion-column-has-shadow fusion-flex-justify-content-flex-start fusion-content-layout-column\"><div style=\"text-align:center;\"><a class=\"fusion-button button-flat fusion-button-default-size button-custom fusion-button-default button-2 fusion-button-default-span fusion-button-default-type\" style=\"--button_accent_color:rgba(255,255,255,.8);--button_accent_hover_color:rgba(255,255,255,.9);--button_border_hover_color:rgba(255,255,255,.9);--button_gradient_top_color:#8bc34a;--button_gradient_bottom_color:#8bc34a;--button_gradient_top_color_hover:#007236;--button_gradient_bottom_color_hover:#007236;\" target=\"_self\" href=\"https:\/\/www.formularium.com.br\/inform\/formularium-on\/\"><span class=\"fusion-button-text awb-button__text awb-button__text--default\">Veja Mais em Formularium ON<\/span><\/a><\/div><\/div><\/div><\/div><\/div>\n","protected":false},"excerpt":{"rendered":"","protected":false},"author":1,"featured_media":0,"parent":0,"menu_order":0,"comment_status":"closed","ping_status":"closed","template":"100-width.php","meta":{"inline_featured_image":false,"_joinchat":[],"footnotes":""},"class_list":["post-19136","page","type-page","status-publish","hentry"],"aioseo_notices":[],"_links":{"self":[{"href":"https:\/\/www.formularium.com.br\/inform\/wp-json\/wp\/v2\/pages\/19136","targetHints":{"allow":["GET"]}}],"collection":[{"href":"https:\/\/www.formularium.com.br\/inform\/wp-json\/wp\/v2\/pages"}],"about":[{"href":"https:\/\/www.formularium.com.br\/inform\/wp-json\/wp\/v2\/types\/page"}],"author":[{"embeddable":true,"href":"https:\/\/www.formularium.com.br\/inform\/wp-json\/wp\/v2\/users\/1"}],"replies":[{"embeddable":true,"href":"https:\/\/www.formularium.com.br\/inform\/wp-json\/wp\/v2\/comments?post=19136"}],"version-history":[{"count":0,"href":"https:\/\/www.formularium.com.br\/inform\/wp-json\/wp\/v2\/pages\/19136\/revisions"}],"wp:attachment":[{"href":"https:\/\/www.formularium.com.br\/inform\/wp-json\/wp\/v2\/media?parent=19136"}],"curies":[{"name":"wp","href":"https:\/\/api.w.org\/{rel}","templated":true}]}}