{"id":19127,"date":"2022-09-16T17:21:23","date_gmt":"2022-09-16T20:21:23","guid":{"rendered":"https:\/\/www.formularium.com.br\/inform\/?page_id=19127"},"modified":"2022-09-19T15:45:14","modified_gmt":"2022-09-19T18:45:14","slug":"seruns-orais","status":"publish","type":"page","link":"https:\/\/www.formularium.com.br\/inform\/seruns-orais\/","title":{"rendered":"S\u00e9runs Orais"},"content":{"rendered":"<div class=\"fusion-fullwidth fullwidth-box fusion-builder-row-1 fusion-flex-container nonhundred-percent-fullwidth non-hundred-percent-height-scrolling\" style=\"--awb-border-radius-top-left:0px;--awb-border-radius-top-right:0px;--awb-border-radius-bottom-right:0px;--awb-border-radius-bottom-left:0px;--awb-flex-wrap:wrap;\" ><div class=\"fusion-builder-row fusion-row fusion-flex-align-items-flex-start fusion-flex-content-wrap\" style=\"max-width:1144px;margin-left: calc(-4% \/ 2 );margin-right: calc(-4% \/ 2 );\"><div class=\"fusion-layout-column fusion_builder_column fusion-builder-column-0 fusion_builder_column_1_1 1_1 fusion-flex-column\" style=\"--awb-bg-size:cover;--awb-width-large:100%;--awb-margin-top-large:0px;--awb-spacing-right-large:1.92%;--awb-margin-bottom-large:20px;--awb-spacing-left-large:1.92%;--awb-width-medium:100%;--awb-order-medium:0;--awb-spacing-right-medium:1.92%;--awb-spacing-left-medium:1.92%;--awb-width-small:100%;--awb-order-small:0;--awb-spacing-right-small:1.92%;--awb-spacing-left-small:1.92%;\"><div class=\"fusion-column-wrapper fusion-column-has-shadow fusion-flex-justify-content-flex-start fusion-content-layout-column\"><div class=\"fusion-text fusion-text-1 fusion-text-no-margin\" style=\"--awb-margin-bottom:0px;\"><p><a href=\"https:\/\/www.formularium.com.br\/inform\/wp-content\/uploads\/2022\/09\/seruns-orais-b.jpg\"><img decoding=\"async\" class=\"lazyload alignnone size-full wp-image-19154\" src=\"https:\/\/www.formularium.com.br\/inform\/wp-content\/uploads\/2022\/09\/seruns-orais-b.jpg\" data-orig-src=\"https:\/\/www.formularium.com.br\/inform\/wp-content\/uploads\/2022\/09\/seruns-orais-b.jpg\" alt=\"\" width=\"1000\" height=\"666\" srcset=\"data:image\/svg+xml,%3Csvg%20xmlns%3D%27http%3A%2F%2Fwww.w3.org%2F2000%2Fsvg%27%20width%3D%271000%27%20height%3D%27666%27%20viewBox%3D%270%200%201000%20666%27%3E%3Crect%20width%3D%271000%27%20height%3D%27666%27%20fill-opacity%3D%220%22%2F%3E%3C%2Fsvg%3E\" data-srcset=\"https:\/\/www.formularium.com.br\/inform\/wp-content\/uploads\/2022\/09\/seruns-orais-b-200x133.jpg 200w, https:\/\/www.formularium.com.br\/inform\/wp-content\/uploads\/2022\/09\/seruns-orais-b-300x200.jpg 300w, https:\/\/www.formularium.com.br\/inform\/wp-content\/uploads\/2022\/09\/seruns-orais-b-400x266.jpg 400w, https:\/\/www.formularium.com.br\/inform\/wp-content\/uploads\/2022\/09\/seruns-orais-b-600x400.jpg 600w, https:\/\/www.formularium.com.br\/inform\/wp-content\/uploads\/2022\/09\/seruns-orais-b-768x511.jpg 768w, https:\/\/www.formularium.com.br\/inform\/wp-content\/uploads\/2022\/09\/seruns-orais-b-800x533.jpg 800w, https:\/\/www.formularium.com.br\/inform\/wp-content\/uploads\/2022\/09\/seruns-orais-b.jpg 1000w\" data-sizes=\"auto\" data-orig-sizes=\"(max-width: 1000px) 100vw, 1000px\" \/><\/a><\/p>\n<\/div><div class=\"fusion-text fusion-text-2\" style=\"--awb-text-transform:none;--awb-text-font-family:&quot;Source Sans Pro&quot;;--awb-text-font-style:normal;--awb-text-font-weight:300;\"><h1 style=\"color: #789155; font-size: 30px; font-weight: 300;\">S\u00e9runs Orais<\/h1>\n<\/div><div class=\"fusion-text fusion-text-3\"><p>O s\u00e9rum \u00e9 uma op\u00e7\u00e3o farmacol\u00f3gica diferenciada para a administra\u00e7\u00e3o de ativos.<\/p>\n<p>\u00c9 uma alternativa para os pacientes que tem, por algum motivo, dificuldade de degluti\u00e7\u00e3o de outros tipos de formas farmac\u00eauticas.<\/p>\n<h3>S\u00e9rum Oral Polivitam\u00ednico<\/h3>\n<p>O s\u00e9rum polivitam\u00ednico \u00e9 eficaz na imunomodula\u00e7\u00e3o, \u00e9 capaz de melhorar os elementos da resposta imune, previne a infec\u00e7\u00e3o viral e doen\u00e7as oportunistas como gripes e resfriados<\/p>\n<h3>S\u00e9rum Antiglicante Com Vitamina C<\/h3>\n<ul>\n<li>Previne a glica\u00e7\u00e3o e tem atividade desglicante; Elimina os radicais livres;<\/li>\n<li>Suprime o oxig\u00eanio singleto; \u00c9 antiglicoxidante.<\/li>\n<\/ul>\n<h3>\u00a0S\u00e9rum Silanox\u00ae<\/h3>\n<p>O alum\u00ednio est\u00e1 presente em diversos utens\u00edlios utilizados no cotidiano das pessoas como panelas, embalagens, cosm\u00e9ticos at\u00e9 o solo e a \u00e1gua.<\/p>\n<p>O excesso de exposi\u00e7\u00e3o a estes metais pesados pode causar doen\u00e7as neurodegenerativas como Alzheimer e Parkinson.<\/p>\n<p>SilanoX\u00ae \u00e9 um ativo que ajuda a reduzir o al\u00faminio presente no organizmo e tamb\u00e9m a diminuir sua absor\u00e7\u00e3o. Sua composi\u00e7\u00e3o conta com complexa\u00e7\u00e3o de monometilsilanetriol (MMST) e goma ac\u00e1cia que atuam na melhora da sa\u00fade \u00f3ssea pois aumenta a densidade mineral so ossos, ajudando a prevenir doen\u00e7as.<\/p>\n<h3>S\u00e9rum De Mio Inositol<\/h3>\n<ul>\n<li>Melhora o perfil lip\u00eddico.<\/li>\n<li>Promove a melhora da cogni\u00e7\u00e3o.<\/li>\n<li>Modula a atividade da insulina.<\/li>\n<\/ul>\n<h3>S\u00e9rum Anabolic<\/h3>\n<p>O s\u00e9rum anabolic auxilia na preven\u00e7\u00e3o da perda muscular, aumenta a massa, for\u00e7a e resist\u00eancia f\u00edsica e melhora o desempenho esportivo. Al\u00e9m disso, favorece, tamb\u00e9m, o uso de gorduras como fonte de energia, e melhora as caibras musculares. O s\u00e9rum anabolic pode ser usado antes ou depois das atividades f\u00edsicas.<\/p>\n<\/div><div class=\"fusion-separator fusion-full-width-sep\" style=\"align-self: center;margin-left: auto;margin-right: auto;width:100%;\"><div class=\"fusion-separator-border sep-single sep-solid\" style=\"--awb-height:20px;--awb-amount:20px;border-color:#e0dede;border-top-width:1px;\"><\/div><\/div><\/div><\/div><div class=\"fusion-layout-column fusion_builder_column fusion-builder-column-1 fusion_builder_column_1_1 1_1 fusion-flex-column\" style=\"--awb-bg-size:cover;--awb-width-large:100%;--awb-margin-top-large:0px;--awb-spacing-right-large:1.92%;--awb-margin-bottom-large:20px;--awb-spacing-left-large:1.92%;--awb-width-medium:100%;--awb-order-medium:0;--awb-spacing-right-medium:1.92%;--awb-spacing-left-medium:1.92%;--awb-width-small:100%;--awb-order-small:0;--awb-spacing-right-small:1.92%;--awb-spacing-left-small:1.92%;\"><div class=\"fusion-column-wrapper fusion-column-has-shadow fusion-flex-justify-content-flex-start fusion-content-layout-column\"><div class=\"fusion-text fusion-text-4\"><h2>S\u00c9RUM ORAL<\/h2>\n<h3>POLIVITAM\u00cdNICO<\/h3>\n<\/div><\/div><\/div><div class=\"fusion-layout-column fusion_builder_column fusion-builder-column-2 fusion_builder_column_1_2 1_2 fusion-flex-column\" style=\"--awb-bg-size:cover;--awb-width-large:50%;--awb-margin-top-large:0px;--awb-spacing-right-large:3.84%;--awb-margin-bottom-large:20px;--awb-spacing-left-large:3.84%;--awb-width-medium:100%;--awb-order-medium:0;--awb-spacing-right-medium:1.92%;--awb-spacing-left-medium:1.92%;--awb-width-small:100%;--awb-order-small:0;--awb-spacing-right-small:1.92%;--awb-spacing-left-small:1.92%;\"><div class=\"fusion-column-wrapper fusion-column-has-shadow fusion-flex-justify-content-flex-start fusion-content-layout-column\">\n<div class=\"table-2\">\n<table width=\"100%\">\n<thead>\n<tr>\n<th colspan=\"2\" align=\"left\">S\u00e9rum<\/th>\n<\/tr>\n<\/thead>\n<tbody>\n<tr>\n<td align=\"left\" width=\"70%\">LumineCense INN<\/td>\n<td style=\"text-align: right;\" align=\"left\" width=\"30%\">3,000 g<\/td>\n<\/tr>\n<tr>\n<td align=\"left\">Vitamina A<\/td>\n<td style=\"text-align: right;\" align=\"left\">0,018 g<\/td>\n<\/tr>\n<tr>\n<td align=\"left\">Vitamina D<\/td>\n<td style=\"text-align: right;\" align=\"left\">0,00015 g<\/td>\n<\/tr>\n<tr>\n<td align=\"left\">Tiamina<\/td>\n<td style=\"text-align: right;\" align=\"left\">0,036 g<\/td>\n<\/tr>\n<tr>\n<td align=\"left\">Ribo\ufb02avina<\/td>\n<td style=\"text-align: right;\" align=\"left\">0,039 g<\/td>\n<\/tr>\n<tr>\n<td align=\"left\">Niacina<\/td>\n<td style=\"text-align: right;\" align=\"left\">0,480 g<\/td>\n<\/tr>\n<tr>\n<td align=\"left\">Pantotenato<\/td>\n<td style=\"text-align: right;\" align=\"left\">0,150 g<\/td>\n<\/tr>\n<tr>\n<td align=\"left\">Piridoxina<\/td>\n<td style=\"text-align: right;\" align=\"left\">0,039 g<\/td>\n<\/tr>\n<tr>\n<td align=\"left\">Biotina<\/td>\n<td style=\"text-align: right;\" align=\"left\">0,0009 g<\/td>\n<\/tr>\n<tr>\n<td align=\"left\">\u00c1cido F\u00f3lico<\/td>\n<td style=\"text-align: right;\" align=\"left\">0,0072 g<\/td>\n<\/tr>\n<tr>\n<td align=\"left\">Cobalamina<\/td>\n<td style=\"text-align: right;\" align=\"left\">0,700 g<\/td>\n<\/tr>\n<tr>\n<td align=\"left\">Zinco<\/td>\n<td style=\"text-align: right;\" align=\"left\">0,518 g<\/td>\n<\/tr>\n<tr>\n<td align=\"left\">Sel\u00eanio<\/td>\n<td style=\"text-align: right;\" align=\"left\">0,510 g<\/td>\n<\/tr>\n<tr>\n<td align=\"left\">Base S\u00e9rum Oral q sp<\/td>\n<td style=\"text-align: right;\" align=\"left\">1 UN<\/td>\n<\/tr>\n<\/tbody>\n<\/table>\n<\/div>\n<div class=\"fusion-separator fusion-full-width-sep\" style=\"align-self: center;margin-left: auto;margin-right: auto;margin-top:10px;width:100%;\"><div class=\"fusion-separator-border sep-double\" style=\"--awb-height:20px;--awb-amount:20px;border-color:#e0dede;border-top-width:0px;border-bottom-width:0px;\"><\/div><\/div><div class=\"fusion-text fusion-text-5\"><p>Administrar via oral 1 vez ao dia ou conforme orienta\u00e7\u00e3o m\u00e9dica<\/p>\n<\/div><\/div><\/div><div class=\"fusion-layout-column fusion_builder_column fusion-builder-column-3 fusion_builder_column_1_1 1_1 fusion-flex-column\" style=\"--awb-bg-size:cover;--awb-width-large:100%;--awb-margin-top-large:0px;--awb-spacing-right-large:1.92%;--awb-margin-bottom-large:20px;--awb-spacing-left-large:1.92%;--awb-width-medium:100%;--awb-order-medium:0;--awb-spacing-right-medium:1.92%;--awb-spacing-left-medium:1.92%;--awb-width-small:100%;--awb-order-small:0;--awb-spacing-right-small:1.92%;--awb-spacing-left-small:1.92%;\"><div class=\"fusion-column-wrapper fusion-column-has-shadow fusion-flex-justify-content-flex-start fusion-content-layout-column\"><div class=\"fusion-text fusion-text-6\"><h2>S\u00c9RUM<\/h2>\n<h3>ANTIGLICANTE COM VITAMINA C<\/h3>\n<\/div><\/div><\/div><div class=\"fusion-layout-column fusion_builder_column fusion-builder-column-4 fusion_builder_column_1_2 1_2 fusion-flex-column\" style=\"--awb-bg-size:cover;--awb-width-large:50%;--awb-margin-top-large:0px;--awb-spacing-right-large:3.84%;--awb-margin-bottom-large:20px;--awb-spacing-left-large:3.84%;--awb-width-medium:100%;--awb-order-medium:0;--awb-spacing-right-medium:1.92%;--awb-spacing-left-medium:1.92%;--awb-width-small:100%;--awb-order-small:0;--awb-spacing-right-small:1.92%;--awb-spacing-left-small:1.92%;\"><div class=\"fusion-column-wrapper fusion-column-has-shadow fusion-flex-justify-content-flex-start fusion-content-layout-column\">\n<div class=\"table-2\">\n<table width=\"100%\">\n<thead>\n<tr>\n<th colspan=\"2\" align=\"left\">S\u00e9rum<\/th>\n<\/tr>\n<\/thead>\n<tbody>\n<tr>\n<td align=\"left\" width=\"70%\">Glycoxil<\/td>\n<td style=\"text-align: right;\" align=\"left\" width=\"30%\">4,500 g<\/td>\n<\/tr>\n<tr>\n<td align=\"left\">LumineCense INN<\/td>\n<td style=\"text-align: right;\" align=\"left\">3,000 g<\/td>\n<\/tr>\n<tr>\n<td align=\"left\">Base S\u00e9rum Oral qsp<\/td>\n<td style=\"text-align: right;\" align=\"left\">1 UN<\/td>\n<\/tr>\n<\/tbody>\n<\/table>\n<\/div>\n<div class=\"fusion-separator fusion-full-width-sep\" style=\"align-self: center;margin-left: auto;margin-right: auto;margin-top:10px;width:100%;\"><div class=\"fusion-separator-border sep-double\" style=\"--awb-height:20px;--awb-amount:20px;border-color:#e0dede;border-top-width:0px;border-bottom-width:0px;\"><\/div><\/div><div class=\"fusion-text fusion-text-7\"><p>Administrar via oral 1 vez ao dia ou conforme orienta\u00e7\u00e3o m\u00e9dica<\/p>\n<\/div><\/div><\/div><div class=\"fusion-layout-column fusion_builder_column fusion-builder-column-5 fusion_builder_column_1_1 1_1 fusion-flex-column\" style=\"--awb-bg-size:cover;--awb-width-large:100%;--awb-margin-top-large:0px;--awb-spacing-right-large:1.92%;--awb-margin-bottom-large:20px;--awb-spacing-left-large:1.92%;--awb-width-medium:100%;--awb-order-medium:0;--awb-spacing-right-medium:1.92%;--awb-spacing-left-medium:1.92%;--awb-width-small:100%;--awb-order-small:0;--awb-spacing-right-small:1.92%;--awb-spacing-left-small:1.92%;\"><div class=\"fusion-column-wrapper fusion-column-has-shadow fusion-flex-justify-content-flex-start fusion-content-layout-column\"><div class=\"fusion-text fusion-text-8\"><h2>S\u00c9RUM<\/h2>\n<h3>DE MIO INOSITOL<\/h3>\n<\/div><\/div><\/div><div class=\"fusion-layout-column fusion_builder_column fusion-builder-column-6 fusion_builder_column_1_2 1_2 fusion-flex-column\" style=\"--awb-bg-size:cover;--awb-width-large:50%;--awb-margin-top-large:0px;--awb-spacing-right-large:3.84%;--awb-margin-bottom-large:20px;--awb-spacing-left-large:3.84%;--awb-width-medium:100%;--awb-order-medium:0;--awb-spacing-right-medium:1.92%;--awb-spacing-left-medium:1.92%;--awb-width-small:100%;--awb-order-small:0;--awb-spacing-right-small:1.92%;--awb-spacing-left-small:1.92%;\"><div class=\"fusion-column-wrapper fusion-column-has-shadow fusion-flex-justify-content-flex-start fusion-content-layout-column\">\n<div class=\"table-2\">\n<table width=\"100%\">\n<thead>\n<tr>\n<th colspan=\"2\" align=\"left\">S\u00e9rum<\/th>\n<\/tr>\n<\/thead>\n<tbody>\n<tr>\n<td align=\"left\" width=\"70%\">Mio Inositol<\/td>\n<td style=\"text-align: right;\" align=\"left\" width=\"30%\">3,000 g<\/td>\n<\/tr>\n<tr>\n<td align=\"left\">L-Arginina HCl<\/td>\n<td style=\"text-align: right;\" align=\"left\">3,000 g<\/td>\n<\/tr>\n<tr>\n<td align=\"left\">Base S\u00e9rum Oral qsp<\/td>\n<td style=\"text-align: right;\" align=\"left\">1 UN<\/td>\n<\/tr>\n<\/tbody>\n<\/table>\n<\/div>\n<div class=\"fusion-separator fusion-full-width-sep\" style=\"align-self: center;margin-left: auto;margin-right: auto;margin-top:10px;width:100%;\"><div class=\"fusion-separator-border sep-double\" style=\"--awb-height:20px;--awb-amount:20px;border-color:#e0dede;border-top-width:0px;border-bottom-width:0px;\"><\/div><\/div><div class=\"fusion-text fusion-text-9\"><p>Administrar via oral 1 vez ao dia ou conforme orienta\u00e7\u00e3o m\u00e9dica<\/p>\n<\/div><\/div><\/div><div class=\"fusion-layout-column fusion_builder_column fusion-builder-column-7 fusion_builder_column_1_1 1_1 fusion-flex-column\" style=\"--awb-bg-size:cover;--awb-width-large:100%;--awb-margin-top-large:0px;--awb-spacing-right-large:1.92%;--awb-margin-bottom-large:20px;--awb-spacing-left-large:1.92%;--awb-width-medium:100%;--awb-order-medium:0;--awb-spacing-right-medium:1.92%;--awb-spacing-left-medium:1.92%;--awb-width-small:100%;--awb-order-small:0;--awb-spacing-right-small:1.92%;--awb-spacing-left-small:1.92%;\"><div class=\"fusion-column-wrapper fusion-column-has-shadow fusion-flex-justify-content-flex-start fusion-content-layout-column\"><div class=\"fusion-text fusion-text-10\"><h2>S\u00c9RUM ORAL<\/h2>\n<h3>ANABOLIC<\/h3>\n<\/div><\/div><\/div><div class=\"fusion-layout-column fusion_builder_column fusion-builder-column-8 fusion_builder_column_1_2 1_2 fusion-flex-column\" style=\"--awb-bg-size:cover;--awb-width-large:50%;--awb-margin-top-large:0px;--awb-spacing-right-large:3.84%;--awb-margin-bottom-large:20px;--awb-spacing-left-large:3.84%;--awb-width-medium:100%;--awb-order-medium:0;--awb-spacing-right-medium:1.92%;--awb-spacing-left-medium:1.92%;--awb-width-small:100%;--awb-order-small:0;--awb-spacing-right-small:1.92%;--awb-spacing-left-small:1.92%;\"><div class=\"fusion-column-wrapper fusion-column-has-shadow fusion-flex-justify-content-flex-start fusion-content-layout-column\">\n<div class=\"table-2\">\n<table width=\"100%\">\n<thead>\n<tr>\n<th colspan=\"2\" align=\"left\">S\u00e9rum<\/th>\n<\/tr>\n<\/thead>\n<tbody>\n<tr>\n<td align=\"left\" width=\"70%\">Taurina<\/td>\n<td style=\"text-align: right;\" align=\"left\" width=\"30%\">6,000 g<\/td>\n<\/tr>\n<tr>\n<td align=\"left\">L-Arginina HCl<\/td>\n<td style=\"text-align: right;\" align=\"left\">3,000 g<\/td>\n<\/tr>\n<tr>\n<td align=\"left\">Base S\u00e9rum Oral qsp<\/td>\n<td style=\"text-align: right;\" align=\"left\">1 UN<\/td>\n<\/tr>\n<\/tbody>\n<\/table>\n<\/div>\n<div class=\"fusion-separator fusion-full-width-sep\" style=\"align-self: center;margin-left: auto;margin-right: auto;margin-top:10px;width:100%;\"><div class=\"fusion-separator-border sep-double\" style=\"--awb-height:20px;--awb-amount:20px;border-color:#e0dede;border-top-width:0px;border-bottom-width:0px;\"><\/div><\/div><div class=\"fusion-text fusion-text-11\"><p>Administrar via oral 1 vez ao dia ou conforme orienta\u00e7\u00e3o m\u00e9dica<\/p>\n<\/div><\/div><\/div><div class=\"fusion-layout-column fusion_builder_column fusion-builder-column-9 fusion_builder_column_1_1 1_1 fusion-flex-column\" style=\"--awb-bg-size:cover;--awb-width-large:100%;--awb-margin-top-large:30px;--awb-spacing-right-large:1.92%;--awb-margin-bottom-large:20px;--awb-spacing-left-large:1.92%;--awb-width-medium:100%;--awb-order-medium:0;--awb-spacing-right-medium:1.92%;--awb-spacing-left-medium:1.92%;--awb-width-small:100%;--awb-order-small:0;--awb-spacing-right-small:1.92%;--awb-spacing-left-small:1.92%;\"><div class=\"fusion-column-wrapper fusion-column-has-shadow fusion-flex-justify-content-flex-start fusion-content-layout-column\"><div style=\"text-align:center;\"><a class=\"fusion-button button-flat fusion-button-default-size button-custom fusion-button-default button-1 fusion-button-default-span fusion-button-default-type\" style=\"--button_accent_color:rgba(255,255,255,.8);--button_accent_hover_color:rgba(255,255,255,.9);--button_border_hover_color:rgba(255,255,255,.9);--button_gradient_top_color:#8bc34a;--button_gradient_bottom_color:#8bc34a;--button_gradient_top_color_hover:#007236;--button_gradient_bottom_color_hover:#007236;\" target=\"_self\" href=\"https:\/\/www.formularium.com.br\/inform\/formularium-on\/\"><span class=\"fusion-button-text awb-button__text awb-button__text--default\">Veja Mais em Formularium ON<\/span><\/a><\/div><\/div><\/div><\/div><\/div>\n","protected":false},"excerpt":{"rendered":"","protected":false},"author":1,"featured_media":0,"parent":0,"menu_order":0,"comment_status":"closed","ping_status":"closed","template":"100-width.php","meta":{"inline_featured_image":false,"_joinchat":[],"footnotes":""},"class_list":["post-19127","page","type-page","status-publish","hentry"],"aioseo_notices":[],"_links":{"self":[{"href":"https:\/\/www.formularium.com.br\/inform\/wp-json\/wp\/v2\/pages\/19127","targetHints":{"allow":["GET"]}}],"collection":[{"href":"https:\/\/www.formularium.com.br\/inform\/wp-json\/wp\/v2\/pages"}],"about":[{"href":"https:\/\/www.formularium.com.br\/inform\/wp-json\/wp\/v2\/types\/page"}],"author":[{"embeddable":true,"href":"https:\/\/www.formularium.com.br\/inform\/wp-json\/wp\/v2\/users\/1"}],"replies":[{"embeddable":true,"href":"https:\/\/www.formularium.com.br\/inform\/wp-json\/wp\/v2\/comments?post=19127"}],"version-history":[{"count":0,"href":"https:\/\/www.formularium.com.br\/inform\/wp-json\/wp\/v2\/pages\/19127\/revisions"}],"wp:attachment":[{"href":"https:\/\/www.formularium.com.br\/inform\/wp-json\/wp\/v2\/media?parent=19127"}],"curies":[{"name":"wp","href":"https:\/\/api.w.org\/{rel}","templated":true}]}}