{"id":17572,"date":"2021-06-02T15:43:09","date_gmt":"2021-06-02T18:43:09","guid":{"rendered":"https:\/\/www.formularium.com.br\/inform\/?page_id=17572"},"modified":"2021-06-03T19:40:32","modified_gmt":"2021-06-03T22:40:32","slug":"agua-micelar-com-acido-hialuronico","status":"publish","type":"page","link":"https:\/\/www.formularium.com.br\/inform\/agua-micelar-com-acido-hialuronico\/","title":{"rendered":"\u00c1gua Micelar com \u00c1cido Hialur\u00f4nico"},"content":{"rendered":"<p><div class=\"fusion-fullwidth fullwidth-box fusion-builder-row-1 fusion-flex-container hundred-percent-fullwidth non-hundred-percent-height-scrolling\" style=\"--awb-border-radius-top-left:0px;--awb-border-radius-top-right:0px;--awb-border-radius-bottom-right:0px;--awb-border-radius-bottom-left:0px;--awb-padding-top:0px;--awb-padding-right:0px;--awb-padding-bottom:0px;--awb-padding-left:0px;--awb-background-color:#ffffff;--awb-flex-wrap:wrap;\" ><div class=\"fusion-builder-row fusion-row fusion-flex-align-items-center fusion-flex-justify-content-center fusion-flex-content-wrap\" style=\"width:104% !important;max-width:104% !important;margin-left: calc(-4% \/ 2 );margin-right: calc(-4% \/ 2 );\"><div class=\"fusion-layout-column fusion_builder_column fusion-builder-column-0 fusion_builder_column_1_1 1_1 fusion-flex-column\" style=\"--awb-bg-size:cover;--awb-width-large:100%;--awb-margin-top-large:0px;--awb-spacing-right-large:1.92%;--awb-margin-bottom-large:20px;--awb-spacing-left-large:1.92%;--awb-width-medium:100%;--awb-order-medium:0;--awb-spacing-right-medium:1.92%;--awb-spacing-left-medium:1.92%;--awb-width-small:100%;--awb-order-small:0;--awb-spacing-right-small:1.92%;--awb-spacing-left-small:1.92%;\"><div class=\"fusion-column-wrapper fusion-column-has-shadow fusion-flex-justify-content-flex-start fusion-content-layout-column\"><div class=\"fusion-image-element \" style=\"text-align:center;--awb-caption-title-font-family:var(--h2_typography-font-family);--awb-caption-title-font-weight:var(--h2_typography-font-weight);--awb-caption-title-font-style:var(--h2_typography-font-style);--awb-caption-title-size:var(--h2_typography-font-size);--awb-caption-title-transform:var(--h2_typography-text-transform);--awb-caption-title-line-height:var(--h2_typography-line-height);--awb-caption-title-letter-spacing:var(--h2_typography-letter-spacing);\"><span class=\" fusion-imageframe imageframe-none imageframe-1 hover-type-none\"><img decoding=\"async\" width=\"2560\" height=\"283\" alt=\"\u00c1guas Micelares\" title=\"\u00c1gua Micelar Formularium\" src=\"https:\/\/www.formularium.com.br\/inform\/wp-content\/uploads\/2021\/05\/agua-micelar-formularium.jpg\" data-orig-src=\"https:\/\/www.formularium.com.br\/inform\/wp-content\/uploads\/2021\/05\/agua-micelar-formularium.jpg\" class=\"lazyload img-responsive wp-image-17526\" srcset=\"data:image\/svg+xml,%3Csvg%20xmlns%3D%27http%3A%2F%2Fwww.w3.org%2F2000%2Fsvg%27%20width%3D%272560%27%20height%3D%27283%27%20viewBox%3D%270%200%202560%20283%27%3E%3Crect%20width%3D%272560%27%20height%3D%27283%27%20fill-opacity%3D%220%22%2F%3E%3C%2Fsvg%3E\" data-srcset=\"https:\/\/www.formularium.com.br\/inform\/wp-content\/uploads\/2021\/05\/agua-micelar-formularium-200x22.jpg 200w, https:\/\/www.formularium.com.br\/inform\/wp-content\/uploads\/2021\/05\/agua-micelar-formularium-400x44.jpg 400w, https:\/\/www.formularium.com.br\/inform\/wp-content\/uploads\/2021\/05\/agua-micelar-formularium-600x66.jpg 600w, https:\/\/www.formularium.com.br\/inform\/wp-content\/uploads\/2021\/05\/agua-micelar-formularium-800x88.jpg 800w, https:\/\/www.formularium.com.br\/inform\/wp-content\/uploads\/2021\/05\/agua-micelar-formularium-1200x133.jpg 1200w, https:\/\/www.formularium.com.br\/inform\/wp-content\/uploads\/2021\/05\/agua-micelar-formularium.jpg 2560w\" data-sizes=\"auto\" data-orig-sizes=\"(max-width: 1024px) 100vw, (max-width: 640px) 100vw, 1200px\" \/><\/span><\/div><\/div><\/div><\/div><\/div><div class=\"fusion-fullwidth fullwidth-box fusion-builder-row-2 fusion-flex-container nonhundred-percent-fullwidth non-hundred-percent-height-scrolling\" style=\"--awb-border-radius-top-left:0px;--awb-border-radius-top-right:0px;--awb-border-radius-bottom-right:0px;--awb-border-radius-bottom-left:0px;--awb-margin-bottom:40px;--awb-background-color:#ffffff;--awb-flex-wrap:wrap;\" ><div class=\"fusion-builder-row fusion-row fusion-flex-align-items-center fusion-flex-justify-content-center fusion-flex-content-wrap\" style=\"max-width:1144px;margin-left: calc(-4% \/ 2 );margin-right: calc(-4% \/ 2 );\"><div class=\"fusion-layout-column fusion_builder_column fusion-builder-column-1 fusion_builder_column_1_3 1_3 fusion-flex-column fusion-flex-align-self-flex-start\" style=\"--awb-bg-size:cover;--awb-width-large:33.3333333333%;--awb-margin-top-large:30px;--awb-spacing-right-large:5.76%;--awb-margin-bottom-large:20px;--awb-spacing-left-large:5.76%;--awb-width-medium:33.3333333333%;--awb-order-medium:0;--awb-spacing-right-medium:5.76%;--awb-spacing-left-medium:5.76%;--awb-width-small:50%;--awb-order-small:0;--awb-spacing-right-small:3.84%;--awb-spacing-left-small:3.84%;\"><div class=\"fusion-column-wrapper fusion-column-has-shadow fusion-flex-justify-content-center fusion-content-layout-row\"><div class=\"fusion-image-element \" style=\"text-align:center;--awb-max-width:250px;--awb-caption-title-font-family:var(--h2_typography-font-family);--awb-caption-title-font-weight:var(--h2_typography-font-weight);--awb-caption-title-font-style:var(--h2_typography-font-style);--awb-caption-title-size:var(--h2_typography-font-size);--awb-caption-title-transform:var(--h2_typography-text-transform);--awb-caption-title-line-height:var(--h2_typography-line-height);--awb-caption-title-letter-spacing:var(--h2_typography-letter-spacing);\"><span class=\" fusion-imageframe imageframe-none imageframe-2 hover-type-none\"><img decoding=\"async\" width=\"500\" height=\"1448\" alt=\"\u00c1gua Micelar Hialur\u00f4nico\" title=\"\u00c1gua Micelar \u00c1cido Hialur\u00f4nico\" src=\"https:\/\/www.formularium.com.br\/inform\/wp-content\/uploads\/2021\/06\/agua-micelar-acido-hialuronico-1.jpg\" data-orig-src=\"https:\/\/www.formularium.com.br\/inform\/wp-content\/uploads\/2021\/06\/agua-micelar-acido-hialuronico-1.jpg\" class=\"lazyload img-responsive wp-image-17575\" srcset=\"data:image\/svg+xml,%3Csvg%20xmlns%3D%27http%3A%2F%2Fwww.w3.org%2F2000%2Fsvg%27%20width%3D%27500%27%20height%3D%271448%27%20viewBox%3D%270%200%20500%201448%27%3E%3Crect%20width%3D%27500%27%20height%3D%271448%27%20fill-opacity%3D%220%22%2F%3E%3C%2Fsvg%3E\" data-srcset=\"https:\/\/www.formularium.com.br\/inform\/wp-content\/uploads\/2021\/06\/agua-micelar-acido-hialuronico-1-200x579.jpg 200w, https:\/\/www.formularium.com.br\/inform\/wp-content\/uploads\/2021\/06\/agua-micelar-acido-hialuronico-1-400x1158.jpg 400w, https:\/\/www.formularium.com.br\/inform\/wp-content\/uploads\/2021\/06\/agua-micelar-acido-hialuronico-1.jpg 500w\" data-sizes=\"auto\" data-orig-sizes=\"(max-width: 1024px) 100vw, (max-width: 640px) 100vw, 400px\" \/><\/span><\/div><\/div><\/div><div class=\"fusion-layout-column fusion_builder_column fusion-builder-column-2 fusion_builder_column_2_3 2_3 fusion-flex-column fusion-flex-align-self-flex-start\" style=\"--awb-bg-size:cover;--awb-width-large:66.6666666667%;--awb-margin-top-large:50px;--awb-spacing-right-large:2.88%;--awb-margin-bottom-large:20px;--awb-spacing-left-large:2.88%;--awb-width-medium:66.6666666667%;--awb-order-medium:0;--awb-spacing-right-medium:2.88%;--awb-spacing-left-medium:2.88%;--awb-width-small:100%;--awb-order-small:0;--awb-spacing-right-small:1.92%;--awb-spacing-left-small:1.92%;\"><div class=\"fusion-column-wrapper fusion-column-has-shadow fusion-flex-justify-content-flex-start fusion-content-layout-row\"><div class=\"fusion-text fusion-text-1\" style=\"--awb-text-font-family:&quot;Open Sans&quot;;--awb-text-font-style:normal;--awb-text-font-weight:300;\"><h2 class=\"\" style=\"--fontsize: 19; line-height: 1.5; --minfontsize: 19;\" data-fontsize=\"19\" data-lineheight=\"28.5px\"><span style=\"color: #626367; font-size: 28px;\">\u00c1GUA MICELAR COM \u00c1CIDO HIALUR\u00d4NICO<\/span><\/h2>\n<p>A \u00c1gua Micelar \u00c1cido Hialur\u00f4ncio possui em sua composi\u00e7\u00e3o a maior quantidade j\u00e1 vista de minerais ben\u00e9ficos para pele.<\/p>\n<h3 class=\"\" style=\"--fontsize: 17; line-height: 1.41; --minfontsize: 17;\" data-fontsize=\"17\" data-lineheight=\"23.969999313354492px\"><span style=\"color: #518fc3;\">BENEF\u00cdCIOS:<\/span><\/h3>\n<p>A combina\u00e7\u00e3o de \u00e1cidos hialur\u00f4nicos de diversos tamanhos garante que parte do \u00e1cido hialur\u00f4nico fique na camada superior da pele aumentando a hidrata\u00e7\u00e3o enquanto a por\u00e7\u00e3o de baixo peso molecular penetre profundamente na pele estimulando a forma\u00e7\u00e3o de col\u00e1geno e glicosaminoglicanas; Remove a maquiagem, as impurezas e a sujeira; Limpa suavemente, n\u00e3o resseca e deixa a pele com sensa\u00e7\u00e3o refrescante.<\/p>\n<h3 class=\"\" style=\"--fontsize: 17; line-height: 1.41; --minfontsize: 17;\" data-fontsize=\"17\" data-lineheight=\"23.969999313354492px\"><span style=\"color: #518fc3;\">COMO USAR:<\/span><\/h3>\n<p>A \u00e1gua micelar com \u00e1cido hialur\u00f4nico possui em sua composi\u00e7\u00e3o a nova \u00e1gua termal descoberta recentemente em solo brasileiro com a maior quantidade j\u00e1 vista de minerais ben\u00e9ficos para pele; Aqua Micelar, Hyaluronic Acid, Glycerin, Disodium Cocoyl Glutamate, C12-13 Pareth-9, Phenoxyethanol (and) Caprylyl Glycol, Parfum, Citric Acid.<\/p>\n<h3 class=\"\" style=\"--fontsize: 17; line-height: 1.41; --minfontsize: 17;\" data-fontsize=\"17\" data-lineheight=\"23.969999313354492px\"><span style=\"color: #518fc3;\">COMPOSI\u00c7\u00c3O:<\/span><\/h3>\n<p>A \u00e1gua micelar com \u00e1cido hialur\u00f4nico possui em sua composi\u00e7\u00e3o a nova \u00e1gua termal descoberta recentemente em solo brasileiro com a maior quantidade j\u00e1 vista de minerais ben\u00e9ficos para pele; Aqua Micelar, Hyaluronic Acid, Glycerin, Disodium Cocoyl Glutamate, C12-13 Pareth-9, Phenoxyethanol (and) Caprylyl Glycol, Parfum, Citric Acid.<\/p>\n<p>Livre de \u00e1lcool<br \/>Livre de conservantes pol\u00eamicos<\/p>\n<p><span style=\"font-size: 25px;\">Solicite a sua \u00c1gua Micelar!<\/span><br \/>Fone (11) 3819 4490 \u2022 Whatsapp (11) 99181 2700<\/p>\n<p>Conhe\u00e7a nossa linha completa de <span style=\"text-decoration: underline;\"><a style=\"color: #518fc3; text-decoration: underline;\" href=\"https:\/\/www.formularium.com.br\/inform\/aguas-micelares\/\">\u00c1guas Micelares<\/a><br \/><\/span>CNPJ 55.689.939\/0001-05 &#8211; www.formularium.com.br &#8211; Farm. Resp. Paula M. Abdo<\/p>\n<\/div><\/div><\/div><\/div><\/div><\/p>\n","protected":false},"excerpt":{"rendered":"","protected":false},"author":1,"featured_media":17566,"parent":0,"menu_order":0,"comment_status":"closed","ping_status":"closed","template":"100-width.php","meta":{"inline_featured_image":false,"_joinchat":[],"footnotes":""},"class_list":["post-17572","page","type-page","status-publish","has-post-thumbnail","hentry"],"aioseo_notices":[],"_links":{"self":[{"href":"https:\/\/www.formularium.com.br\/inform\/wp-json\/wp\/v2\/pages\/17572","targetHints":{"allow":["GET"]}}],"collection":[{"href":"https:\/\/www.formularium.com.br\/inform\/wp-json\/wp\/v2\/pages"}],"about":[{"href":"https:\/\/www.formularium.com.br\/inform\/wp-json\/wp\/v2\/types\/page"}],"author":[{"embeddable":true,"href":"https:\/\/www.formularium.com.br\/inform\/wp-json\/wp\/v2\/users\/1"}],"replies":[{"embeddable":true,"href":"https:\/\/www.formularium.com.br\/inform\/wp-json\/wp\/v2\/comments?post=17572"}],"version-history":[{"count":0,"href":"https:\/\/www.formularium.com.br\/inform\/wp-json\/wp\/v2\/pages\/17572\/revisions"}],"wp:featuredmedia":[{"embeddable":true,"href":"https:\/\/www.formularium.com.br\/inform\/wp-json\/wp\/v2\/media\/17566"}],"wp:attachment":[{"href":"https:\/\/www.formularium.com.br\/inform\/wp-json\/wp\/v2\/media?parent=17572"}],"curies":[{"name":"wp","href":"https:\/\/api.w.org\/{rel}","templated":true}]}}