{"id":13212,"date":"2019-01-21T18:40:04","date_gmt":"2019-01-21T21:40:04","guid":{"rendered":"https:\/\/www.formularium.com.br\/inform\/?page_id=13212"},"modified":"2020-10-19T20:58:32","modified_gmt":"2020-10-19T23:58:32","slug":"ginecologia","status":"publish","type":"page","link":"https:\/\/www.formularium.com.br\/inform\/ginecologia\/","title":{"rendered":"Ginecologia | SEDAP"},"content":{"rendered":"<div class=\"swpm-post-not-logged-in-msg\">Voc\u00ea precisa fazer login para visualizar este conte\u00fado.Por favor <a class=\"swpm-login-link\" href=\"https:\/\/formularium.com.br\/inform\/membership-login\/?swpm_redirect_to=https%3A%2F%2Fwww.formularium.com.br%2Finform%2Fwp-json%2Fwp%2Fv2%2Fpages%2F13212\">Log In<\/a>. N\u00e3o \u00e9 um membro? <a href=\"https:\/\/formularium.com.br\/inform\/membership-join\/membership-registration\/\">Junte-se a n\u00f3s<\/a><\/div>","protected":false},"excerpt":{"rendered":"<p>Voc\u00ea precisa fazer login para visualizar este conte\u00fado.Por favor Log In. N\u00e3o \u00e9 um membro? Junte-se a n\u00f3s<\/p>\n","protected":false},"author":1,"featured_media":0,"parent":0,"menu_order":0,"comment_status":"closed","ping_status":"closed","template":"100-width.php","meta":{"inline_featured_image":false,"_joinchat":[],"footnotes":""},"class_list":["post-13212","page","type-page","status-publish","hentry"],"aioseo_notices":[],"_links":{"self":[{"href":"https:\/\/www.formularium.com.br\/inform\/wp-json\/wp\/v2\/pages\/13212","targetHints":{"allow":["GET"]}}],"collection":[{"href":"https:\/\/www.formularium.com.br\/inform\/wp-json\/wp\/v2\/pages"}],"about":[{"href":"https:\/\/www.formularium.com.br\/inform\/wp-json\/wp\/v2\/types\/page"}],"author":[{"embeddable":true,"href":"https:\/\/www.formularium.com.br\/inform\/wp-json\/wp\/v2\/users\/1"}],"replies":[{"embeddable":true,"href":"https:\/\/www.formularium.com.br\/inform\/wp-json\/wp\/v2\/comments?post=13212"}],"version-history":[{"count":0,"href":"https:\/\/www.formularium.com.br\/inform\/wp-json\/wp\/v2\/pages\/13212\/revisions"}],"wp:attachment":[{"href":"https:\/\/www.formularium.com.br\/inform\/wp-json\/wp\/v2\/media?parent=13212"}],"curies":[{"name":"wp","href":"https:\/\/api.w.org\/{rel}","templated":true}]}}